{"id":826,"date":"2024-11-25T20:16:10","date_gmt":"2024-11-25T20:16:10","guid":{"rendered":"https:\/\/muro-realestate.com\/?page_id=826"},"modified":"2026-01-26T10:46:19","modified_gmt":"2026-01-26T10:46:19","slug":"politica-de-privacidad","status":"publish","type":"page","link":"https:\/\/muro-realestate.com\/ru\/politica-de-privacidad\/","title":{"rendered":"\u041f\u043e\u043b\u0438\u0442\u0438\u043a\u0430 \u043a\u043e\u043d\u0444\u0438\u0434\u0435\u043d\u0446\u0438\u0430\u043b\u044c\u043d\u043e\u0441\u0442\u0438"},"content":{"rendered":"<style>.elementor-826 .elementor-element.elementor-element-33da3bba{--display:flex;--flex-direction:row;--container-widget-width:calc( ( 1 - var( --container-widget-flex-grow ) ) * 100% );--container-widget-height:100%;--container-widget-flex-grow:1;--container-widget-align-self:stretch;--flex-wrap-mobile:wrap;--align-items:stretch;--gap:10px 10px;--row-gap:10px;--column-gap:10px;--overlay-opacity:0;--margin-top:0px;--margin-bottom:0px;--margin-left:0px;--margin-right:0px;--padding-top:250px;--padding-bottom:220px;--padding-left:0px;--padding-right:0px;}.elementor-826 .elementor-element.elementor-element-33da3bba:not(.elementor-motion-effects-element-type-background), .elementor-826 .elementor-element.elementor-element-33da3bba > .elementor-motion-effects-container > .elementor-motion-effects-layer{background-image:url(\"https:\/\/muro-realestate.com\/wp-content\/uploads\/2026\/01\/RoomCreator_20260118_3.jpg\");background-position:0px 30%;background-repeat:no-repeat;background-size:cover;}.elementor-826 .elementor-element.elementor-element-33da3bba::before, .elementor-826 .elementor-element.elementor-element-33da3bba > .elementor-background-video-container::before, .elementor-826 .elementor-element.elementor-element-33da3bba > .e-con-inner > .elementor-background-video-container::before, .elementor-826 .elementor-element.elementor-element-33da3bba > .elementor-background-slideshow::before, .elementor-826 .elementor-element.elementor-element-33da3bba > .e-con-inner > .elementor-background-slideshow::before, .elementor-826 .elementor-element.elementor-element-33da3bba > .elementor-motion-effects-container > .elementor-motion-effects-layer::before{background-color:#000000;--background-overlay:'';}.elementor-826 .elementor-element.elementor-element-216e614c{--display:flex;}.elementor-826 .elementor-element.elementor-element-6577e2b2 > .elementor-widget-container{margin:20px 0px 10px 0px;padding:0px 0px 0px 0px;}.elementor-826 .elementor-element.elementor-element-6577e2b2{text-align:center;}.elementor-826 .elementor-element.elementor-element-6577e2b2 .elementor-heading-title{font-family:\"Fira Code\", Sans-serif;font-size:48px;font-weight:600;text-transform:uppercase;letter-spacing:1.2px;color:var( --e-global-color-secondary );}.elementor-826 .elementor-element.elementor-element-fa88c14{--divider-border-style:solid;--divider-color:var( --e-global-color-secondary );--divider-border-width:3px;}.elementor-826 .elementor-element.elementor-element-fa88c14 .elementor-divider-separator{width:15%;margin:0 auto;margin-center:0;}.elementor-826 .elementor-element.elementor-element-fa88c14 .elementor-divider{text-align:center;padding-block-start:0px;padding-block-end:0px;}.elementor-826 .elementor-element.elementor-element-67b9fa1c{--display:flex;--flex-direction:row;--container-widget-width:calc( ( 1 - var( --container-widget-flex-grow ) ) * 100% );--container-widget-height:100%;--container-widget-flex-grow:1;--container-widget-align-self:stretch;--flex-wrap-mobile:wrap;--align-items:stretch;--gap:10px 10px;--row-gap:10px;--column-gap:10px;--overlay-opacity:0.95;--padding-top:100px;--padding-bottom:100px;--padding-left:0px;--padding-right:0px;}.elementor-826 .elementor-element.elementor-element-67b9fa1c::before, .elementor-826 .elementor-element.elementor-element-67b9fa1c > .elementor-background-video-container::before, .elementor-826 .elementor-element.elementor-element-67b9fa1c > .e-con-inner > .elementor-background-video-container::before, .elementor-826 .elementor-element.elementor-element-67b9fa1c > .elementor-background-slideshow::before, .elementor-826 .elementor-element.elementor-element-67b9fa1c > .e-con-inner > .elementor-background-slideshow::before, .elementor-826 .elementor-element.elementor-element-67b9fa1c > .elementor-motion-effects-container > .elementor-motion-effects-layer::before{--background-overlay:'';}.elementor-826 .elementor-element.elementor-element-17a68062{--display:flex;--padding-top:10px;--padding-bottom:10px;--padding-left:10px;--padding-right:40px;}.elementor-826 .elementor-element.elementor-element-60729481 > .elementor-widget-container{margin:-10px 0px 0px 0px;}.elementor-826 .elementor-element.elementor-element-60729481{text-align:center;}.elementor-826 .elementor-element.elementor-element-60729481 .elementor-heading-title{font-family:var( --e-global-typography-7104cc1-font-family ), Sans-serif;font-size:var( --e-global-typography-7104cc1-font-size );font-weight:var( --e-global-typography-7104cc1-font-weight );text-transform:var( --e-global-typography-7104cc1-text-transform );line-height:var( --e-global-typography-7104cc1-line-height );letter-spacing:var( --e-global-typography-7104cc1-letter-spacing );color:var( --e-global-color-d625fa0 );}.elementor-826 .elementor-element.elementor-element-749268e6{width:var( --container-widget-width, 909px );max-width:909px;--container-widget-width:909px;--container-widget-flex-grow:0;text-align:justify;font-family:var( --e-global-typography-text-font-family ), Sans-serif;font-size:var( --e-global-typography-text-font-size );font-weight:var( --e-global-typography-text-font-weight );text-transform:var( --e-global-typography-text-text-transform );line-height:var( --e-global-typography-text-line-height );color:var( --e-global-color-d625fa0 );}.elementor-826 .elementor-element.elementor-element-749268e6 > .elementor-widget-container{margin:0px 0px 0px 0px;padding:0% 0% 0% 0%;}.elementor-826 .elementor-element.elementor-element-749268e6.elementor-element{--align-self:center;--flex-grow:0;--flex-shrink:0;}:root{--page-title-display:none;}@media(max-width:1024px){.elementor-826 .elementor-element.elementor-element-33da3bba:not(.elementor-motion-effects-element-type-background), .elementor-826 .elementor-element.elementor-element-33da3bba > .elementor-motion-effects-container > .elementor-motion-effects-layer{background-position:0px 0px;}.elementor-826 .elementor-element.elementor-element-33da3bba{--padding-top:150px;--padding-bottom:120px;--padding-left:10px;--padding-right:10px;}.elementor-826 .elementor-element.elementor-element-6577e2b2 > .elementor-widget-container{margin:10px 0px 5px 0px;}.elementor-826 .elementor-element.elementor-element-6577e2b2 .elementor-heading-title{font-size:40px;}.elementor-826 .elementor-element.elementor-element-67b9fa1c{--padding-top:60px;--padding-bottom:60px;--padding-left:10px;--padding-right:10px;}.elementor-826 .elementor-element.elementor-element-17a68062{--margin-top:0px;--margin-bottom:40px;--margin-left:0px;--margin-right:0px;--padding-top:10px;--padding-bottom:0px;--padding-left:0px;--padding-right:0px;}.elementor-826 .elementor-element.elementor-element-60729481 .elementor-heading-title{font-size:var( --e-global-typography-7104cc1-font-size );line-height:var( --e-global-typography-7104cc1-line-height );letter-spacing:var( --e-global-typography-7104cc1-letter-spacing );}.elementor-826 .elementor-element.elementor-element-749268e6 > .elementor-widget-container{padding:0% 0% 0% 0%;}.elementor-826 .elementor-element.elementor-element-749268e6{--container-widget-width:480px;--container-widget-flex-grow:0;width:var( --container-widget-width, 480px );max-width:480px;font-size:var( --e-global-typography-text-font-size );line-height:var( --e-global-typography-text-line-height );}}@media(max-width:767px){.elementor-826 .elementor-element.elementor-element-33da3bba:not(.elementor-motion-effects-element-type-background), .elementor-826 .elementor-element.elementor-element-33da3bba > .elementor-motion-effects-container > .elementor-motion-effects-layer{background-position:0px 0px;}.elementor-826 .elementor-element.elementor-element-33da3bba{--padding-top:200px;--padding-bottom:150px;--padding-left:10px;--padding-right:10px;}.elementor-826 .elementor-element.elementor-element-6577e2b2 > .elementor-widget-container{margin:0px 0px 0px 0px;}.elementor-826 .elementor-element.elementor-element-6577e2b2{text-align:center;}.elementor-826 .elementor-element.elementor-element-6577e2b2 .elementor-heading-title{font-size:32px;line-height:1.5em;}.elementor-826 .elementor-element.elementor-element-fa88c14 .elementor-divider-separator{width:30%;}.elementor-826 .elementor-element.elementor-element-67b9fa1c{--padding-top:60px;--padding-bottom:0px;--padding-left:10px;--padding-right:10px;}.elementor-826 .elementor-element.elementor-element-17a68062{--margin-top:0px;--margin-bottom:40px;--margin-left:0px;--margin-right:0px;--padding-top:0px;--padding-bottom:0px;--padding-left:10px;--padding-right:10px;}.elementor-826 .elementor-element.elementor-element-60729481 .elementor-heading-title{font-size:var( --e-global-typography-7104cc1-font-size );line-height:var( --e-global-typography-7104cc1-line-height );letter-spacing:var( --e-global-typography-7104cc1-letter-spacing );}.elementor-826 .elementor-element.elementor-element-749268e6{width:100%;max-width:100%;font-size:var( --e-global-typography-text-font-size );line-height:var( --e-global-typography-text-line-height );}.elementor-826 .elementor-element.elementor-element-749268e6 > .elementor-widget-container{margin:0px 0px 0px 0px;padding:0% 5% 0% 5%;}}@media(min-width:768px){.elementor-826 .elementor-element.elementor-element-17a68062{--width:100%;}}@media(max-width:1024px) and (min-width:768px){.elementor-826 .elementor-element.elementor-element-17a68062{--width:100%;}}<\/style>\t\t<div data-elementor-type=\"wp-page\" data-elementor-id=\"826\" class=\"elementor elementor-826\" data-elementor-post-type=\"page\">\n\t\t\t\t<div class=\"elementor-element elementor-element-33da3bba e-flex e-con-boxed e-con e-parent\" data-id=\"33da3bba\" data-element_type=\"container\" data-settings=\"{&quot;background_background&quot;:&quot;classic&quot;,&quot;jet_parallax_layout_list&quot;:[]}\">\n\t\t\t\t\t<div class=\"e-con-inner\">\n\t\t<div class=\"elementor-element elementor-element-216e614c e-con-full e-flex e-con e-child\" data-id=\"216e614c\" data-element_type=\"container\" data-settings=\"{&quot;jet_parallax_layout_list&quot;:[]}\">\n\t\t\t\t<div class=\"elementor-element elementor-element-6577e2b2 elementor-invisible elementor-widget elementor-widget-heading\" data-id=\"6577e2b2\" data-element_type=\"widget\" data-settings=\"{&quot;_animation&quot;:&quot;fadeIn&quot;}\" data-widget_type=\"heading.default\">\n\t\t\t\t<div class=\"elementor-widget-container\">\n\t\t\t\t\t<h1 class=\"elementor-heading-title elementor-size-default\">\u042e\u0440\u0438\u0434\u0438\u0447\u0435\u0441\u043a\u0438\u0439<\/h1>\t\t\t\t<\/div>\n\t\t\t\t<\/div>\n\t\t\t\t<div class=\"elementor-element elementor-element-fa88c14 elementor-widget-divider--view-line elementor-invisible elementor-widget elementor-widget-divider\" data-id=\"fa88c14\" data-element_type=\"widget\" data-settings=\"{&quot;_animation&quot;:&quot;fadeIn&quot;,&quot;_animation_delay&quot;:&quot;100&quot;}\" data-widget_type=\"divider.default\">\n\t\t\t\t<div class=\"elementor-widget-container\">\n\t\t\t\t\t\t\t<div class=\"elementor-divider\">\n\t\t\t<span class=\"elementor-divider-separator\">\n\t\t\t\t\t\t<\/span>\n\t\t<\/div>\n\t\t\t\t\t\t<\/div>\n\t\t\t\t<\/div>\n\t\t\t\t<\/div>\n\t\t\t\t\t<\/div>\n\t\t\t\t<\/div>\n\t\t<div class=\"elementor-element elementor-element-67b9fa1c e-flex e-con-boxed e-con e-parent\" data-id=\"67b9fa1c\" data-element_type=\"container\" data-settings=\"{&quot;background_background&quot;:&quot;classic&quot;,&quot;jet_parallax_layout_list&quot;:[]}\">\n\t\t\t\t\t<div class=\"e-con-inner\">\n\t\t<div class=\"elementor-element elementor-element-17a68062 e-con-full e-flex e-con e-child\" data-id=\"17a68062\" data-element_type=\"container\" data-settings=\"{&quot;jet_parallax_layout_list&quot;:[]}\">\n\t\t\t\t<div class=\"elementor-element elementor-element-749268e6 elementor-widget__width-initial elementor-widget-mobile__width-inherit elementor-invisible elementor-widget elementor-widget-text-editor\" data-id=\"749268e6\" data-element_type=\"widget\" data-settings=\"{&quot;_animation&quot;:&quot;fadeInUp&quot;,&quot;_animation_delay&quot;:&quot;200&quot;}\" data-widget_type=\"text-editor.default\">\n\t\t\t\t<div class=\"elementor-widget-container\">\n\t\t\t\t\t\t\t\t\t<div id=\"93c377768c39a57b\" class=\"conversation-container message-actions-hover-boundary response-optimization tts-removed ng-star-inserted\"><div class=\"response-container ng-tns-c3566498190-18 response-optimization response-container-with-gpi tts-removed ng-star-inserted\"><div class=\"presented-response-container ng-tns-c3566498190-18\"><div class=\"response-container-content ng-tns-c3566498190-18\"><div class=\"response-content ng-tns-c3566498190-18\"><div id=\"model-response-message-contentr_93c377768c39a57b\" class=\"markdown markdown-main-panel\" dir=\"ltr\"><p data-sourcepos=\"3:1-3:83\"><span style=\"text-decoration: underline;\"><strong>Titulares de la web <a href=\"https:\/\/muro-realestate.com\/ru\/\" target=\"_blank\" rel=\"noopener\">www.muro-realestate.com<\/a>:<\/strong><\/span><\/p><ul data-sourcepos=\"5:1-9:0\"><li data-sourcepos=\"5:1-5:52\"><strong>Sandra Campillo Colmenares<\/strong>, con DNI 06686832L.<\/li><li data-sourcepos=\"6:1-6:47\"><strong>\u0424\u0430\u0440\u0438\u0434\u0430 \u0428\u0430\u0439\u0445\u0443\u0442\u0434\u0438\u043d\u043e\u0432\u0430<\/strong>, con DNI 04718993Z.<\/li><li data-sourcepos=\"7:1-7:67\"><strong>Domicilio:<\/strong> Calle Navas, n\u00famero 33, piso 4 B, Alicante Centro, 03001.<\/li><li data-sourcepos=\"8:1-9:0\"><strong>Correo electr\u00f3nico para comunicaciones:<\/strong> info@muro-realestate.com<\/li><\/ul><p data-sourcepos=\"10:1-10:50\"><span style=\"text-decoration: underline;\"><strong>Finalidad del tratamiento de datos personales:<\/strong><\/span><\/p><p data-sourcepos=\"12:1-12:103\">MURO (en adelante, \u00ablos titulares\u00bb) tratar\u00e1 los datos que proporciones para las siguientes finalidades:<\/p><ol data-sourcepos=\"14:1-25:0\"><li data-sourcepos=\"14:1-15:0\"><p data-sourcepos=\"14:4-14:224\"><strong>Gestionar los datos de los usuarios<\/strong> que contactan a trav\u00e9s de los formularios de la web o canales habilitados. Esto incluye la gesti\u00f3n de consultas y el contacto por tel\u00e9fono, correo electr\u00f3nico o SMS si es necesario.<\/p><\/li><li data-sourcepos=\"16:1-17:0\"><p data-sourcepos=\"16:4-16:82\"><strong>Atender solicitudes de informaci\u00f3n<\/strong> y realizar el seguimiento de las mismas.<\/p><\/li><li data-sourcepos=\"18:1-19:0\"><p data-sourcepos=\"18:4-18:70\"><strong>Realizar un control de calidad<\/strong> sobre sus productos y servicios.<\/p><\/li><li data-sourcepos=\"20:1-21:0\"><p data-sourcepos=\"20:4-20:63\"><strong>Realizar encuestas de satisfacci\u00f3n<\/strong> y fines estad\u00edsticos.<\/p><\/li><li data-sourcepos=\"22:1-23:0\"><p data-sourcepos=\"22:4-22:263\"><strong>Env\u00edo de comunicaciones comerciales<\/strong> (si consientes): Informarte y remitirte peri\u00f3dicamente comunicaciones sobre nuevos productos, promociones, eventos, etc. Estas comunicaciones podr\u00e1n ser enviarse a trav\u00e9s de medios impresos, electr\u00f3nicos y telef\u00f3nicos.<\/p><\/li><li data-sourcepos=\"24:1-25:0\"><p data-sourcepos=\"24:4-24:395\"><strong>Elaboraci\u00f3n de perfiles<\/strong> (si consientes): Utilizar tus datos para conocerte mejor y elaborar un perfil. Este perfil puede incluir datos que hayas facilitado personalmente, datos generados durante tu uso de los productos y servicios, informaci\u00f3n adicional como aficiones, e historial de cliente. <strong>Importante:<\/strong> La elaboraci\u00f3n de perfiles no implicar\u00e1 la toma de decisiones automatizadas.<\/p><\/li><\/ol><p data-sourcepos=\"26:1-26:32\"><span style=\"text-decoration: underline;\"><strong>Tipolog\u00eda de datos tratados:<\/strong><\/span><\/p><p data-sourcepos=\"28:1-28:123\">En el marco de los servicios y condicionado a las finalidades consentidas, MURO tratar\u00e1 las siguientes categor\u00edas de datos:<\/p><ul data-sourcepos=\"30:1-33:0\"><li data-sourcepos=\"30:1-30:92\"><strong>Datos identificativos y de contacto<\/strong>: Nombre, apellidos, tel\u00e9fono y correo electr\u00f3nico.<\/li><li data-sourcepos=\"31:1-31:86\"><strong>Datos de preferencias y aficiones<\/strong>: Si los hubiera en el formulario que rellenes.<\/li><li data-sourcepos=\"32:1-33:0\"><strong>Datos de informaci\u00f3n comercial<\/strong>: Preferencias sobre veh\u00edculos, como tipo de veh\u00edculo, motor, color, interior, equipamiento opcional y accesorios.<\/li><\/ul><p data-sourcepos=\"34:1-34:26\"><span style=\"text-decoration: underline;\"><strong>Informaci\u00f3n adicional:<\/strong><\/span><\/p><ul data-sourcepos=\"36:1-39:0\"><li data-sourcepos=\"36:1-36:259\">Es crucial que <strong>leas detenidamente<\/strong> la pol\u00edtica de privacidad completa de MURO para entender en detalle c\u00f3mo utilizan tus datos, tus derechos y c\u00f3mo puedes ejercerlos. Podr\u00e1s verla en la web.<\/li><li data-sourcepos=\"38:1-39:0\">Recuerda que tienes <strong>derechos<\/strong> en relaci\u00f3n con tus datos personales, como <span class=\"citation-0 citation-end-0\">el derecho de acceso, rectificaci\u00f3n, supresi\u00f3n, limitaci\u00f3n del tratamiento, portabilidad y oposici\u00f3n. Puedes ejercer estos derechos<\/span> contactando con MURO a la direcci\u00f3n de correo electr\u00f3nico indicada.<span class=\"button-container hide-from-message-actions ng-star-inserted\">\u00a0<\/span><\/li><\/ul><\/div><\/div><\/div><\/div><div class=\"response-container-footer ng-tns-c3566498190-18\"><div class=\"actions-container-v2 ng-tns-c3349219959-20 simplified-action-bar\"><div class=\"buttons-container-v2 ng-tns-c3349219959-20 ng-star-inserted\"><div class=\"tooltip-anchor-point ng-tns-c3349219959-20 ng-star-inserted\">\u00a0<\/div><\/div><\/div><\/div><\/div><\/div>\t\t\t\t\t\t\t\t<\/div>\n\t\t\t\t<\/div>\n\t\t\t\t<\/div>\n\t\t\t\t\t<\/div>\n\t\t\t\t<\/div>\n\t\t\t\t<\/div>","protected":false},"excerpt":{"rendered":"<p>Legal Titulares de la web www.muro-realestate.com: Sandra Campillo Colmenares, con DNI 06686832L. Farida Shaykhutdinova, con DNI 04718993Z. Domicilio: Calle Navas, n\u00famero 33, piso 4 B, Alicante Centro, 03001. Correo electr\u00f3nico para comunicaciones: info@muro-realestate.com Finalidad del tratamiento de datos personales: MURO (en adelante, \u00ablos titulares\u00bb) tratar\u00e1 los datos que proporciones para las siguientes finalidades: Gestionar los [&hellip;]<\/p>","protected":false},"author":2,"featured_media":0,"parent":0,"menu_order":0,"comment_status":"closed","ping_status":"closed","template":"","meta":{"footnotes":""},"class_list":["post-826","page","type-page","status-publish","hentry"],"_links":{"self":[{"href":"https:\/\/muro-realestate.com\/ru\/wp-json\/wp\/v2\/pages\/826","targetHints":{"allow":["GET"]}}],"collection":[{"href":"https:\/\/muro-realestate.com\/ru\/wp-json\/wp\/v2\/pages"}],"about":[{"href":"https:\/\/muro-realestate.com\/ru\/wp-json\/wp\/v2\/types\/page"}],"author":[{"embeddable":true,"href":"https:\/\/muro-realestate.com\/ru\/wp-json\/wp\/v2\/users\/2"}],"replies":[{"embeddable":true,"href":"https:\/\/muro-realestate.com\/ru\/wp-json\/wp\/v2\/comments?post=826"}],"version-history":[{"count":22,"href":"https:\/\/muro-realestate.com\/ru\/wp-json\/wp\/v2\/pages\/826\/revisions"}],"predecessor-version":[{"id":1754,"href":"https:\/\/muro-realestate.com\/ru\/wp-json\/wp\/v2\/pages\/826\/revisions\/1754"}],"wp:attachment":[{"href":"https:\/\/muro-realestate.com\/ru\/wp-json\/wp\/v2\/media?parent=826"}],"curies":[{"name":"wp","href":"https:\/\/api.w.org\/{rel}","templated":true}]}}