{"id":820,"date":"2024-11-25T20:08:32","date_gmt":"2024-11-25T20:08:32","guid":{"rendered":"https:\/\/muro-realestate.com\/?page_id=820"},"modified":"2026-01-21T11:51:48","modified_gmt":"2026-01-21T11:51:48","slug":"politicadecookies","status":"publish","type":"page","link":"https:\/\/muro-realestate.com\/ru\/politicadecookies\/","title":{"rendered":"Politica de Cookies"},"content":{"rendered":"<style>.elementor-820 .elementor-element.elementor-element-3b55553f{--display:flex;--flex-direction:row;--container-widget-width:calc( ( 1 - var( --container-widget-flex-grow ) ) * 100% );--container-widget-height:100%;--container-widget-flex-grow:1;--container-widget-align-self:stretch;--flex-wrap-mobile:wrap;--align-items:stretch;--gap:10px 10px;--row-gap:10px;--column-gap:10px;--overlay-opacity:0;--margin-top:0px;--margin-bottom:0px;--margin-left:0px;--margin-right:0px;--padding-top:250px;--padding-bottom:220px;--padding-left:0px;--padding-right:0px;}.elementor-820 .elementor-element.elementor-element-3b55553f:not(.elementor-motion-effects-element-type-background), .elementor-820 .elementor-element.elementor-element-3b55553f > .elementor-motion-effects-container > .elementor-motion-effects-layer{background-image:url(\"https:\/\/muro-realestate.com\/wp-content\/uploads\/2026\/01\/Gemini_Generated_Image_1u0p4u1u0p4u1u0p-e1768812777688.png\");background-position:0px 30%;background-repeat:no-repeat;background-size:cover;}.elementor-820 .elementor-element.elementor-element-3b55553f::before, .elementor-820 .elementor-element.elementor-element-3b55553f > .elementor-background-video-container::before, .elementor-820 .elementor-element.elementor-element-3b55553f > .e-con-inner > .elementor-background-video-container::before, .elementor-820 .elementor-element.elementor-element-3b55553f > .elementor-background-slideshow::before, .elementor-820 .elementor-element.elementor-element-3b55553f > .e-con-inner > .elementor-background-slideshow::before, .elementor-820 .elementor-element.elementor-element-3b55553f > .elementor-motion-effects-container > .elementor-motion-effects-layer::before{background-color:#000000;--background-overlay:'';}.elementor-820 .elementor-element.elementor-element-2424d6ed{--display:flex;}.elementor-820 .elementor-element.elementor-element-5a376871 > .elementor-widget-container{margin:20px 0px 10px 0px;padding:0px 0px 0px 0px;}.elementor-820 .elementor-element.elementor-element-5a376871{text-align:center;}.elementor-820 .elementor-element.elementor-element-5a376871 .elementor-heading-title{font-family:var( --e-global-typography-22c2893-font-family ), Sans-serif;font-size:var( --e-global-typography-22c2893-font-size );font-weight:var( --e-global-typography-22c2893-font-weight );text-transform:var( --e-global-typography-22c2893-text-transform );letter-spacing:var( --e-global-typography-22c2893-letter-spacing );color:var( --e-global-color-secondary );}.elementor-820 .elementor-element.elementor-element-7cd3e3ff{--divider-border-style:solid;--divider-color:var( --e-global-color-secondary );--divider-border-width:3px;}.elementor-820 .elementor-element.elementor-element-7cd3e3ff .elementor-divider-separator{width:15%;margin:0 auto;margin-center:0;}.elementor-820 .elementor-element.elementor-element-7cd3e3ff .elementor-divider{text-align:center;padding-block-start:0px;padding-block-end:0px;}.elementor-820 .elementor-element.elementor-element-42ce91b8{--display:flex;--flex-direction:row;--container-widget-width:calc( ( 1 - var( --container-widget-flex-grow ) ) * 100% );--container-widget-height:100%;--container-widget-flex-grow:1;--container-widget-align-self:stretch;--flex-wrap-mobile:wrap;--align-items:stretch;--gap:10px 10px;--row-gap:10px;--column-gap:10px;--overlay-opacity:0.95;--padding-top:100px;--padding-bottom:100px;--padding-left:0px;--padding-right:0px;}.elementor-820 .elementor-element.elementor-element-42ce91b8::before, .elementor-820 .elementor-element.elementor-element-42ce91b8 > .elementor-background-video-container::before, .elementor-820 .elementor-element.elementor-element-42ce91b8 > .e-con-inner > .elementor-background-video-container::before, .elementor-820 .elementor-element.elementor-element-42ce91b8 > .elementor-background-slideshow::before, .elementor-820 .elementor-element.elementor-element-42ce91b8 > .e-con-inner > .elementor-background-slideshow::before, .elementor-820 .elementor-element.elementor-element-42ce91b8 > .elementor-motion-effects-container > .elementor-motion-effects-layer::before{--background-overlay:'';}.elementor-820 .elementor-element.elementor-element-376a5726{--display:flex;--padding-top:10px;--padding-bottom:10px;--padding-left:10px;--padding-right:40px;}.elementor-820 .elementor-element.elementor-element-43862df8 > .elementor-widget-container{margin:-10px 0px 0px 0px;}.elementor-820 .elementor-element.elementor-element-43862df8{text-align:center;}.elementor-820 .elementor-element.elementor-element-43862df8 .elementor-heading-title{font-family:var( --e-global-typography-7104cc1-font-family ), Sans-serif;font-size:var( --e-global-typography-7104cc1-font-size );font-weight:var( --e-global-typography-7104cc1-font-weight );text-transform:var( --e-global-typography-7104cc1-text-transform );line-height:var( --e-global-typography-7104cc1-line-height );letter-spacing:var( --e-global-typography-7104cc1-letter-spacing );color:var( --e-global-color-d625fa0 );}.elementor-820 .elementor-element.elementor-element-7858009d{width:var( --container-widget-width, 909px );max-width:909px;--container-widget-width:909px;--container-widget-flex-grow:0;text-align:justify;font-family:\"Fira Code\", Sans-serif;font-size:20px;font-weight:300;text-transform:none;line-height:30px;color:var( --e-global-color-d625fa0 );}.elementor-820 .elementor-element.elementor-element-7858009d > .elementor-widget-container{margin:0px 0px 0px 0px;padding:0% 0% 0% 0%;}.elementor-820 .elementor-element.elementor-element-7858009d.elementor-element{--align-self:center;--flex-grow:0;--flex-shrink:0;}:root{--page-title-display:none;}@media(max-width:1024px){.elementor-820 .elementor-element.elementor-element-3b55553f:not(.elementor-motion-effects-element-type-background), .elementor-820 .elementor-element.elementor-element-3b55553f > .elementor-motion-effects-container > .elementor-motion-effects-layer{background-position:0px 0px;}.elementor-820 .elementor-element.elementor-element-3b55553f{--padding-top:150px;--padding-bottom:120px;--padding-left:10px;--padding-right:10px;}.elementor-820 .elementor-element.elementor-element-5a376871 > .elementor-widget-container{margin:10px 0px 5px 0px;}.elementor-820 .elementor-element.elementor-element-5a376871 .elementor-heading-title{font-size:var( --e-global-typography-22c2893-font-size );letter-spacing:var( --e-global-typography-22c2893-letter-spacing );}.elementor-820 .elementor-element.elementor-element-42ce91b8{--padding-top:60px;--padding-bottom:60px;--padding-left:10px;--padding-right:10px;}.elementor-820 .elementor-element.elementor-element-376a5726{--margin-top:0px;--margin-bottom:40px;--margin-left:0px;--margin-right:0px;--padding-top:10px;--padding-bottom:0px;--padding-left:0px;--padding-right:0px;}.elementor-820 .elementor-element.elementor-element-43862df8 .elementor-heading-title{font-size:var( --e-global-typography-7104cc1-font-size );line-height:var( --e-global-typography-7104cc1-line-height );letter-spacing:var( --e-global-typography-7104cc1-letter-spacing );}.elementor-820 .elementor-element.elementor-element-7858009d > .elementor-widget-container{padding:0% 0% 0% 0%;}.elementor-820 .elementor-element.elementor-element-7858009d{--container-widget-width:480px;--container-widget-flex-grow:0;width:var( --container-widget-width, 480px );max-width:480px;font-size:16px;}}@media(max-width:767px){.elementor-820 .elementor-element.elementor-element-3b55553f:not(.elementor-motion-effects-element-type-background), .elementor-820 .elementor-element.elementor-element-3b55553f > .elementor-motion-effects-container > .elementor-motion-effects-layer{background-position:0px 0px;}.elementor-820 .elementor-element.elementor-element-3b55553f{--padding-top:200px;--padding-bottom:150px;--padding-left:10px;--padding-right:10px;}.elementor-820 .elementor-element.elementor-element-5a376871 > .elementor-widget-container{margin:0px 0px 0px 0px;}.elementor-820 .elementor-element.elementor-element-5a376871{text-align:center;}.elementor-820 .elementor-element.elementor-element-5a376871 .elementor-heading-title{font-size:var( --e-global-typography-22c2893-font-size );letter-spacing:var( --e-global-typography-22c2893-letter-spacing );}.elementor-820 .elementor-element.elementor-element-7cd3e3ff .elementor-divider-separator{width:30%;}.elementor-820 .elementor-element.elementor-element-42ce91b8{--padding-top:60px;--padding-bottom:0px;--padding-left:10px;--padding-right:10px;}.elementor-820 .elementor-element.elementor-element-376a5726{--margin-top:0px;--margin-bottom:40px;--margin-left:0px;--margin-right:0px;--padding-top:0px;--padding-bottom:0px;--padding-left:10px;--padding-right:10px;}.elementor-820 .elementor-element.elementor-element-43862df8 .elementor-heading-title{font-size:var( --e-global-typography-7104cc1-font-size );line-height:var( --e-global-typography-7104cc1-line-height );letter-spacing:var( --e-global-typography-7104cc1-letter-spacing );}.elementor-820 .elementor-element.elementor-element-7858009d{width:100%;max-width:100%;font-size:14px;}.elementor-820 .elementor-element.elementor-element-7858009d > .elementor-widget-container{margin:0px 0px 0px 0px;padding:0% 5% 0% 5%;}}@media(min-width:768px){.elementor-820 .elementor-element.elementor-element-376a5726{--width:100%;}}@media(max-width:1024px) and (min-width:768px){.elementor-820 .elementor-element.elementor-element-376a5726{--width:100%;}}<\/style>\t\t<div data-elementor-type=\"wp-page\" data-elementor-id=\"820\" class=\"elementor elementor-820\" data-elementor-post-type=\"page\">\n\t\t\t\t<div class=\"elementor-element elementor-element-3b55553f e-flex e-con-boxed e-con e-parent\" data-id=\"3b55553f\" data-element_type=\"container\" data-settings=\"{&quot;background_background&quot;:&quot;classic&quot;,&quot;jet_parallax_layout_list&quot;:[]}\">\n\t\t\t\t\t<div class=\"e-con-inner\">\n\t\t<div class=\"elementor-element elementor-element-2424d6ed e-con-full e-flex e-con e-child\" data-id=\"2424d6ed\" data-element_type=\"container\" data-settings=\"{&quot;jet_parallax_layout_list&quot;:[]}\">\n\t\t\t\t<div class=\"elementor-element elementor-element-5a376871 elementor-invisible elementor-widget elementor-widget-heading\" data-id=\"5a376871\" data-element_type=\"widget\" data-settings=\"{&quot;_animation&quot;:&quot;fadeIn&quot;}\" data-widget_type=\"heading.default\">\n\t\t\t\t<div class=\"elementor-widget-container\">\n\t\t\t\t\t<h1 class=\"elementor-heading-title elementor-size-default\">\u042e\u0440\u0438\u0434\u0438\u0447\u0435\u0441\u043a\u0438\u0439<\/h1>\t\t\t\t<\/div>\n\t\t\t\t<\/div>\n\t\t\t\t<div class=\"elementor-element elementor-element-7cd3e3ff elementor-widget-divider--view-line elementor-invisible elementor-widget elementor-widget-divider\" data-id=\"7cd3e3ff\" data-element_type=\"widget\" data-settings=\"{&quot;_animation&quot;:&quot;fadeIn&quot;,&quot;_animation_delay&quot;:&quot;100&quot;}\" data-widget_type=\"divider.default\">\n\t\t\t\t<div class=\"elementor-widget-container\">\n\t\t\t\t\t\t\t<div class=\"elementor-divider\">\n\t\t\t<span class=\"elementor-divider-separator\">\n\t\t\t\t\t\t<\/span>\n\t\t<\/div>\n\t\t\t\t\t\t<\/div>\n\t\t\t\t<\/div>\n\t\t\t\t<\/div>\n\t\t\t\t\t<\/div>\n\t\t\t\t<\/div>\n\t\t<div class=\"elementor-element elementor-element-42ce91b8 e-flex e-con-boxed e-con e-parent\" data-id=\"42ce91b8\" data-element_type=\"container\" data-settings=\"{&quot;background_background&quot;:&quot;classic&quot;,&quot;jet_parallax_layout_list&quot;:[]}\">\n\t\t\t\t\t<div class=\"e-con-inner\">\n\t\t<div class=\"elementor-element elementor-element-376a5726 e-con-full e-flex e-con e-child\" data-id=\"376a5726\" data-element_type=\"container\" data-settings=\"{&quot;jet_parallax_layout_list&quot;:[]}\">\n\t\t\t\t<div class=\"elementor-element elementor-element-43862df8 elementor-invisible elementor-widget elementor-widget-heading\" data-id=\"43862df8\" data-element_type=\"widget\" data-settings=\"{&quot;_animation&quot;:&quot;fadeInUp&quot;,&quot;_animation_delay&quot;:&quot;100&quot;}\" data-widget_type=\"heading.default\">\n\t\t\t\t<div class=\"elementor-widget-container\">\n\t\t\t\t\t<h3 class=\"elementor-heading-title elementor-size-default\">Pol\u00edtica de Cookies <\/h3>\t\t\t\t<\/div>\n\t\t\t\t<\/div>\n\t\t\t\t<div class=\"elementor-element elementor-element-7858009d elementor-widget__width-initial elementor-widget-mobile__width-inherit elementor-invisible elementor-widget elementor-widget-text-editor\" data-id=\"7858009d\" data-element_type=\"widget\" data-settings=\"{&quot;_animation&quot;:&quot;fadeInUp&quot;,&quot;_animation_delay&quot;:&quot;200&quot;}\" data-widget_type=\"text-editor.default\">\n\t\t\t\t<div class=\"elementor-widget-container\">\n\t\t\t\t\t\t\t\t\t<p><strong>\u00bfQu\u00e9 son las cookies?<\/strong><\/p><p data-sourcepos=\"7:1-7:418\">Las cookies son peque\u00f1os archivos de texto que se almacenan en su navegador cuando visita un sitio web. Estos archivos permiten al sitio web recordar informaci\u00f3n sobre su visita, como sus preferencias de idioma y otras opciones de configuraci\u00f3n. Las cookies son esenciales para el funcionamiento de muchos sitios web y mejoran su experiencia de navegaci\u00f3n al personalizar el contenido y ofrecerle servicios relevantes.<\/p><p data-sourcepos=\"9:1-9:37\"><strong>\u00bfQu\u00e9 tipos de cookies utilizamos?<\/strong><\/p><p data-sourcepos=\"11:1-11:63\">En MURO, <span class=\"citation-0\">utilizamos las siguientes categor\u00edas de cookies:<\/span><\/p><ul data-sourcepos=\"13:1-17:0\"><li data-sourcepos=\"13:1-13:247\"><strong><span class=\"citation-0\">Cookies esenciales:<\/span><\/strong> <span class=\"citation-0 citation-1 citation-end-0\">Estas cookies son necesarias para el funcionamiento<\/span><span class=\"citation-1 citation-end-1\"> b\u00e1sico del sitio web y le permiten navegar por \u00e9l y utilizar sus funciones.<\/span> Sin estas cookies, es posible que algunos servicios no est\u00e9n disponibles.<span class=\"button-container hide-from-message-actions ng-star-inserted\">\u00a0 \u00a0<\/span><br \/><div class=\"container ng-tns-c3541984298-49 hide\"><div class=\"carousel-container ng-tns-c3541984298-49\"><div class=\"carousel-content ng-tns-c3541984298-49\"><div class=\"sources-carousel-source ng-tns-c3541984298-49 hide ng-star-inserted\" data-test-id=\"sources-carousel-source\">\u00a0<\/div><div class=\"sources-carousel-source ng-tns-c3541984298-49 hide ng-star-inserted\" data-test-id=\"sources-carousel-source\">\u00a0<\/div><\/div><\/div><\/div><\/li><li data-sourcepos=\"14:1-14:303\"><strong><span class=\"citation-2\">Cookies de rendimiento:<\/span><\/strong><span class=\"citation-2\"> Estas cookies recopilan informaci\u00f3n sobre c\u00f3mo utiliza el <\/span><span class=\"citation-2 citation-3 citation-end-2\">sitio web, como las p\u00e1ginas que visita con m\u00e1s frecuencia<\/span><span class=\"citation-3 citation-end-3\"> y si recibe mensajes de error. Esta informaci\u00f3n nos ayuda a mejorar el rendimiento<\/span> del sitio web y su <span class=\"citation-4\">experiencia de usuario.<\/span><span class=\"button-container hide-from-message-actions ng-star-inserted\">\u00a0 \u00a0<\/span><br \/><div class=\"container ng-tns-c3541984298-50 hide\"><div class=\"carousel-container ng-tns-c3541984298-50\"><div class=\"carousel-content ng-tns-c3541984298-50\"><div class=\"sources-carousel-source ng-tns-c3541984298-50 hide ng-star-inserted\" data-test-id=\"sources-carousel-source\">\u00a0<\/div><div class=\"sources-carousel-source ng-tns-c3541984298-50 hide ng-star-inserted\" data-test-id=\"sources-carousel-source\">\u00a0<\/div><\/div><\/div><\/div><\/li><li data-sourcepos=\"15:1-15:202\"><strong><span class=\"citation-4\">Cookies de funcionalidad:<\/span><\/strong><span class=\"citation-4 citation-end-4\"> Estas cookies permiten que el sitio web recuerde las elecciones que ha realizado (como su<\/span> idioma o regi\u00f3n) y le ofrecen <span class=\"citation-5\">funciones mejoradas y personalizadas.<\/span><span class=\"button-container hide-from-message-actions ng-star-inserted\">\u00a0 \u00a0<\/span><br \/><div class=\"container ng-tns-c3541984298-51 hide\"><div class=\"carousel-container ng-tns-c3541984298-51\"><div class=\"carousel-content ng-tns-c3541984298-51\"><div class=\"sources-carousel-source ng-tns-c3541984298-51 hide ng-star-inserted\" data-test-id=\"sources-carousel-source\">\u00a0<\/div><\/div><\/div><\/div><\/li><li data-sourcepos=\"16:1-17:0\"><strong><span class=\"citation-5\">Cookies de publicidad:<\/span><\/strong><span class=\"citation-5 citation-end-5\"> Estas cookies se utilizan para mostrar anuncios relevantes para<\/span> sus intereses. Tambi\u00e9n pueden utilizarse para limitar la cantidad de veces que ve un anuncio y medir la eficacia de las campa\u00f1as publicitarias.<span class=\"button-container hide-from-message-actions ng-star-inserted\">\u00a0<\/span><\/li><\/ul><div>\u00a0<\/div><p data-sourcepos=\"18:1-18:33\"><strong>\u00bfC\u00f3mo utilizamos las cookies?<\/strong><\/p><p data-sourcepos=\"20:1-20:55\">Utilizamos las cookies para las siguientes finalidades:<\/p><ul data-sourcepos=\"22:1-26:0\"><li data-sourcepos=\"22:1-22:98\"><strong>Personalizaci\u00f3n:<\/strong> Recordar sus preferencias y ofrecerle contenido y servicios personalizados.<\/li><li data-sourcepos=\"23:1-23:82\"><strong>Rendimiento:<\/strong> Analizar c\u00f3mo utiliza el sitio web y mejorar su funcionamiento.<\/li><li data-sourcepos=\"24:1-24:65\"><strong>Publicidad:<\/strong> Mostrar anuncios relevantes para sus intereses.<\/li><li data-sourcepos=\"25:1-26:0\"><strong>Seguridad:<\/strong> Proteger su informaci\u00f3n y prevenir actividades fraudulentas.<\/li><\/ul><div>\u00a0<\/div><p data-sourcepos=\"27:1-27:38\"><strong>\u00bfC\u00f3mo puede controlar las cookies?<\/strong><\/p><p data-sourcepos=\"29:1-29:213\">Tiene derecho a elegir si acepta o no las cookies. La mayor\u00eda de los navegadores web aceptan las cookies de forma predeterminada, pero puede modificar la configuraci\u00f3n de su navegador para rechazarlas si lo desea.<\/p><p data-sourcepos=\"31:1-31:87\">Puede eliminar las cookies que ya ha almacenado en su dispositivo en cualquier momento.<\/p><p data-sourcepos=\"33:1-33:118\"><strong>Tenga en cuenta:<\/strong> Si desactiva las cookies, es posible que algunas partes del sitio web no funcionen correctamente.<\/p><p data-sourcepos=\"35:1-35:23\"><strong>Cookies de terceros<\/strong><\/p><p data-sourcepos=\"37:1-37:235\">En algunos casos, podemos utilizar cookies de terceros, como Google Analytics, para analizar el uso del sitio web y mejorar nuestros servicios. Estas cookies est\u00e1n sujetas a las pol\u00edticas de privacidad de los terceros correspondientes.<\/p><p data-sourcepos=\"39:1-39:39\"><strong>Cambios en esta pol\u00edtica de cookies<\/strong><\/p><p data-sourcepos=\"41:1-41:146\">Podemos actualizar esta pol\u00edtica de cookies en cualquier momento. Le recomendamos que la revise peri\u00f3dicamente para estar al tanto de los cambios.<\/p><p data-sourcepos=\"43:1-43:12\"><strong>\u041a\u043e\u043d\u0442\u0430\u043a\u0442\u044b<\/strong><\/p><p data-sourcepos=\"45:1-45:172\">Si tiene alguna pregunta o consulta sobre esta pol\u00edtica de cookies, puede ponerse en contacto con nosotros a trav\u00e9s de los datos de contacto indicados en nuestro sitio web.<\/p><p data-sourcepos=\"47:1-47:40\"><strong>Aceptaci\u00f3n de la pol\u00edtica de cookies<\/strong><\/p><p data-sourcepos=\"49:1-49:91\">Al utilizar nuestro sitio web, usted acepta el uso de cookies de acuerdo con esta pol\u00edtica.<\/p><p data-sourcepos=\"51:1-51:25\"><strong>Informaci\u00f3n adicional<\/strong><\/p><p data-sourcepos=\"53:1-53:108\">Para obtener m\u00e1s informaci\u00f3n sobre las cookies y c\u00f3mo gestionarlas, puede consultar los siguientes recursos:<\/p><ul data-sourcepos=\"55:1-57:0\"><li data-sourcepos=\"55:1-55:91\"><strong>Agencia Espa\u00f1ola de Protecci\u00f3n de Datos:<\/strong> <a href=\"https:\/\/www.aepd.es\/\" target=\"_blank\" rel=\"noopener\">https:\/\/www.aepd.es\/<\/a><\/li><li data-sourcepos=\"56:1-57:0\"><strong>Informaci\u00f3n sobre cookies en su navegador:<\/strong> Consulte la documentaci\u00f3n de su navegador para obtener instrucciones sobre c\u00f3mo gestionar las cookies.<\/li><\/ul>\t\t\t\t\t\t\t\t<\/div>\n\t\t\t\t<\/div>\n\t\t\t\t<\/div>\n\t\t\t\t\t<\/div>\n\t\t\t\t<\/div>\n\t\t\t\t<\/div>","protected":false},"excerpt":{"rendered":"<p>Legal Pol\u00edtica de Cookies \u00bfQu\u00e9 son las cookies? Las cookies son peque\u00f1os archivos de texto que se almacenan en su navegador cuando visita un sitio web. Estos archivos permiten al sitio web recordar informaci\u00f3n sobre su visita, como sus preferencias de idioma y otras opciones de configuraci\u00f3n. Las cookies son esenciales para el funcionamiento de [&hellip;]<\/p>","protected":false},"author":1,"featured_media":0,"parent":0,"menu_order":0,"comment_status":"closed","ping_status":"closed","template":"","meta":{"footnotes":""},"class_list":["post-820","page","type-page","status-publish","hentry"],"_links":{"self":[{"href":"https:\/\/muro-realestate.com\/ru\/wp-json\/wp\/v2\/pages\/820","targetHints":{"allow":["GET"]}}],"collection":[{"href":"https:\/\/muro-realestate.com\/ru\/wp-json\/wp\/v2\/pages"}],"about":[{"href":"https:\/\/muro-realestate.com\/ru\/wp-json\/wp\/v2\/types\/page"}],"author":[{"embeddable":true,"href":"https:\/\/muro-realestate.com\/ru\/wp-json\/wp\/v2\/users\/1"}],"replies":[{"embeddable":true,"href":"https:\/\/muro-realestate.com\/ru\/wp-json\/wp\/v2\/comments?post=820"}],"version-history":[{"count":17,"href":"https:\/\/muro-realestate.com\/ru\/wp-json\/wp\/v2\/pages\/820\/revisions"}],"predecessor-version":[{"id":1746,"href":"https:\/\/muro-realestate.com\/ru\/wp-json\/wp\/v2\/pages\/820\/revisions\/1746"}],"wp:attachment":[{"href":"https:\/\/muro-realestate.com\/ru\/wp-json\/wp\/v2\/media?parent=820"}],"curies":[{"name":"wp","href":"https:\/\/api.w.org\/{rel}","templated":true}]}}