{"id":510,"date":"2024-11-20T15:13:07","date_gmt":"2024-11-20T15:13:07","guid":{"rendered":"https:\/\/muro-realestate.com\/?page_id=510"},"modified":"2026-01-19T13:22:18","modified_gmt":"2026-01-19T13:22:18","slug":"aviso-legal","status":"publish","type":"page","link":"https:\/\/muro-realestate.com\/ru\/aviso-legal\/","title":{"rendered":"\u041e\u0444\u0438\u0446\u0438\u0430\u043b\u044c\u043d\u043e\u0435 \u0443\u0432\u0435\u0434\u043e\u043c\u043b\u0435\u043d\u0438\u0435"},"content":{"rendered":"<style>.elementor-510 .elementor-element.elementor-element-1e7bfcdb{--display:flex;--min-height:815px;--flex-direction:row;--container-widget-width:calc( ( 1 - var( --container-widget-flex-grow ) ) * 100% );--container-widget-height:100%;--container-widget-flex-grow:1;--container-widget-align-self:stretch;--flex-wrap-mobile:wrap;--justify-content:flex-start;--align-items:stretch;--gap:10px 10px;--row-gap:10px;--column-gap:10px;--overlay-opacity:1;--margin-top:0px;--margin-bottom:0px;--margin-left:0px;--margin-right:0px;--padding-top:262px;--padding-bottom:220px;--padding-left:0px;--padding-right:0px;}.elementor-510 .elementor-element.elementor-element-1e7bfcdb::before, .elementor-510 .elementor-element.elementor-element-1e7bfcdb > .elementor-background-video-container::before, .elementor-510 .elementor-element.elementor-element-1e7bfcdb > .e-con-inner > .elementor-background-video-container::before, .elementor-510 .elementor-element.elementor-element-1e7bfcdb > .elementor-background-slideshow::before, .elementor-510 .elementor-element.elementor-element-1e7bfcdb > .e-con-inner > .elementor-background-slideshow::before, .elementor-510 .elementor-element.elementor-element-1e7bfcdb > .elementor-motion-effects-container > .elementor-motion-effects-layer::before{background-color:var( --e-global-color-d625fa0 );background-image:url(\"https:\/\/muro-realestate.com\/wp-content\/uploads\/2026\/01\/Gemini_Generated_Image_1u0p4u1u0p4u1u0p-e1768812777688.png\");--background-overlay:'';}.elementor-510 .elementor-element.elementor-element-1fe1ce18{--display:flex;}.elementor-510 .elementor-element.elementor-element-4818a3b6 > .elementor-widget-container{margin:20px 0px 10px 0px;padding:0px 0px 0px 0px;}.elementor-510 .elementor-element.elementor-element-4818a3b6{text-align:center;}.elementor-510 .elementor-element.elementor-element-4818a3b6 .elementor-heading-title{font-family:var( --e-global-typography-22c2893-font-family ), Sans-serif;font-size:var( --e-global-typography-22c2893-font-size );font-weight:var( --e-global-typography-22c2893-font-weight );text-transform:var( --e-global-typography-22c2893-text-transform );letter-spacing:var( --e-global-typography-22c2893-letter-spacing );color:var( --e-global-color-secondary );}.elementor-510 .elementor-element.elementor-element-4ba8dc31{--divider-border-style:solid;--divider-color:var( --e-global-color-secondary );--divider-border-width:3px;}.elementor-510 .elementor-element.elementor-element-4ba8dc31 .elementor-divider-separator{width:15%;margin:0 auto;margin-center:0;}.elementor-510 .elementor-element.elementor-element-4ba8dc31 .elementor-divider{text-align:center;padding-block-start:0px;padding-block-end:0px;}.elementor-510 .elementor-element.elementor-element-2a0203b{--display:flex;--flex-direction:row;--container-widget-width:calc( ( 1 - var( --container-widget-flex-grow ) ) * 100% );--container-widget-height:100%;--container-widget-flex-grow:1;--container-widget-align-self:stretch;--flex-wrap-mobile:wrap;--align-items:stretch;--gap:10px 10px;--row-gap:10px;--column-gap:10px;--overlay-opacity:0.95;--padding-top:100px;--padding-bottom:100px;--padding-left:0px;--padding-right:0px;}.elementor-510 .elementor-element.elementor-element-2a0203b:not(.elementor-motion-effects-element-type-background), .elementor-510 .elementor-element.elementor-element-2a0203b > .elementor-motion-effects-container > .elementor-motion-effects-layer{background-color:var( --e-global-color-d625fa0 );}.elementor-510 .elementor-element.elementor-element-2a0203b::before, .elementor-510 .elementor-element.elementor-element-2a0203b > .elementor-background-video-container::before, .elementor-510 .elementor-element.elementor-element-2a0203b > .e-con-inner > .elementor-background-video-container::before, .elementor-510 .elementor-element.elementor-element-2a0203b > .elementor-background-slideshow::before, .elementor-510 .elementor-element.elementor-element-2a0203b > .e-con-inner > .elementor-background-slideshow::before, .elementor-510 .elementor-element.elementor-element-2a0203b > .elementor-motion-effects-container > .elementor-motion-effects-layer::before{--background-overlay:'';}.elementor-510 .elementor-element.elementor-element-4b0a0f43{--display:flex;--padding-top:10px;--padding-bottom:10px;--padding-left:10px;--padding-right:40px;}.elementor-510 .elementor-element.elementor-element-78ddf4c1 > .elementor-widget-container{margin:-10px 0px 0px 0px;}.elementor-510 .elementor-element.elementor-element-78ddf4c1{text-align:center;}.elementor-510 .elementor-element.elementor-element-78ddf4c1 .elementor-heading-title{font-family:var( --e-global-typography-primary-font-family ), Sans-serif;font-size:var( --e-global-typography-primary-font-size );font-weight:var( --e-global-typography-primary-font-weight );text-transform:var( --e-global-typography-primary-text-transform );line-height:var( --e-global-typography-primary-line-height );letter-spacing:var( --e-global-typography-primary-letter-spacing );color:var( --e-global-color-4186582 );}.elementor-510 .elementor-element.elementor-element-54bee5d0{width:var( --container-widget-width, 909px );max-width:909px;--container-widget-width:909px;--container-widget-flex-grow:0;text-align:justify;font-family:\"Fira Code\", Sans-serif;font-size:16px;font-weight:300;text-transform:none;line-height:34px;color:var( --e-global-color-4186582 );}.elementor-510 .elementor-element.elementor-element-54bee5d0 > .elementor-widget-container{margin:0px 0px 0px 0px;padding:0% 0% 0% 0%;}.elementor-510 .elementor-element.elementor-element-54bee5d0.elementor-element{--align-self:center;--flex-grow:0;--flex-shrink:0;}:root{--page-title-display:none;}@media(min-width:768px){.elementor-510 .elementor-element.elementor-element-1e7bfcdb{--content-width:1600px;}.elementor-510 .elementor-element.elementor-element-4b0a0f43{--width:100%;}}@media(max-width:1024px) and (min-width:768px){.elementor-510 .elementor-element.elementor-element-4b0a0f43{--width:100%;}}@media(max-width:1024px){.elementor-510 .elementor-element.elementor-element-1e7bfcdb{--padding-top:150px;--padding-bottom:120px;--padding-left:10px;--padding-right:10px;}.elementor-510 .elementor-element.elementor-element-4818a3b6 > .elementor-widget-container{margin:10px 0px 5px 0px;}.elementor-510 .elementor-element.elementor-element-4818a3b6 .elementor-heading-title{font-size:var( --e-global-typography-22c2893-font-size );letter-spacing:var( --e-global-typography-22c2893-letter-spacing );}.elementor-510 .elementor-element.elementor-element-2a0203b{--padding-top:60px;--padding-bottom:60px;--padding-left:10px;--padding-right:10px;}.elementor-510 .elementor-element.elementor-element-4b0a0f43{--margin-top:0px;--margin-bottom:40px;--margin-left:0px;--margin-right:0px;--padding-top:10px;--padding-bottom:0px;--padding-left:0px;--padding-right:0px;}.elementor-510 .elementor-element.elementor-element-78ddf4c1 .elementor-heading-title{font-size:var( --e-global-typography-primary-font-size );line-height:var( --e-global-typography-primary-line-height );letter-spacing:var( --e-global-typography-primary-letter-spacing );}.elementor-510 .elementor-element.elementor-element-54bee5d0 > .elementor-widget-container{padding:0% 0% 0% 0%;}.elementor-510 .elementor-element.elementor-element-54bee5d0{--container-widget-width:480px;--container-widget-flex-grow:0;width:var( --container-widget-width, 480px );max-width:480px;font-size:16px;}}@media(max-width:767px){.elementor-510 .elementor-element.elementor-element-1e7bfcdb{--content-width:674px;--min-height:284px;--padding-top:200px;--padding-bottom:150px;--padding-left:10px;--padding-right:10px;}.elementor-510 .elementor-element.elementor-element-4818a3b6 > .elementor-widget-container{margin:0px 0px 0px 0px;}.elementor-510 .elementor-element.elementor-element-4818a3b6{text-align:center;}.elementor-510 .elementor-element.elementor-element-4818a3b6 .elementor-heading-title{font-size:var( --e-global-typography-22c2893-font-size );letter-spacing:var( --e-global-typography-22c2893-letter-spacing );}.elementor-510 .elementor-element.elementor-element-4ba8dc31 .elementor-divider-separator{width:30%;}.elementor-510 .elementor-element.elementor-element-2a0203b{--padding-top:60px;--padding-bottom:0px;--padding-left:10px;--padding-right:10px;}.elementor-510 .elementor-element.elementor-element-4b0a0f43{--margin-top:0px;--margin-bottom:40px;--margin-left:0px;--margin-right:0px;--padding-top:0px;--padding-bottom:0px;--padding-left:10px;--padding-right:10px;}.elementor-510 .elementor-element.elementor-element-78ddf4c1 .elementor-heading-title{font-size:var( --e-global-typography-primary-font-size );line-height:var( --e-global-typography-primary-line-height );letter-spacing:var( --e-global-typography-primary-letter-spacing );}.elementor-510 .elementor-element.elementor-element-54bee5d0{width:100%;max-width:100%;font-size:14px;}.elementor-510 .elementor-element.elementor-element-54bee5d0 > .elementor-widget-container{margin:0px 0px 0px 0px;padding:0% 5% 0% 5%;}}<\/style>\t\t<div data-elementor-type=\"wp-page\" data-elementor-id=\"510\" class=\"elementor elementor-510\" data-elementor-post-type=\"page\">\n\t\t\t\t<div class=\"elementor-element elementor-element-1e7bfcdb e-flex e-con-boxed e-con e-parent\" data-id=\"1e7bfcdb\" data-element_type=\"container\" data-settings=\"{&quot;jet_parallax_layout_list&quot;:[]}\">\n\t\t\t\t\t<div class=\"e-con-inner\">\n\t\t<div class=\"elementor-element elementor-element-1fe1ce18 e-con-full e-flex e-con e-child\" data-id=\"1fe1ce18\" data-element_type=\"container\" data-settings=\"{&quot;jet_parallax_layout_list&quot;:[]}\">\n\t\t\t\t<div class=\"elementor-element elementor-element-4818a3b6 elementor-invisible elementor-widget elementor-widget-heading\" data-id=\"4818a3b6\" data-element_type=\"widget\" data-settings=\"{&quot;_animation&quot;:&quot;fadeIn&quot;}\" data-widget_type=\"heading.default\">\n\t\t\t\t<div class=\"elementor-widget-container\">\n\t\t\t\t\t<h1 class=\"elementor-heading-title elementor-size-default\">\u042e\u0440\u0438\u0434\u0438\u0447\u0435\u0441\u043a\u0438\u0439<\/h1>\t\t\t\t<\/div>\n\t\t\t\t<\/div>\n\t\t\t\t<div class=\"elementor-element elementor-element-4ba8dc31 elementor-widget-divider--view-line elementor-invisible elementor-widget elementor-widget-divider\" data-id=\"4ba8dc31\" data-element_type=\"widget\" data-settings=\"{&quot;_animation&quot;:&quot;fadeIn&quot;,&quot;_animation_delay&quot;:&quot;100&quot;}\" data-widget_type=\"divider.default\">\n\t\t\t\t<div class=\"elementor-widget-container\">\n\t\t\t\t\t\t\t<div class=\"elementor-divider\">\n\t\t\t<span class=\"elementor-divider-separator\">\n\t\t\t\t\t\t<\/span>\n\t\t<\/div>\n\t\t\t\t\t\t<\/div>\n\t\t\t\t<\/div>\n\t\t\t\t<\/div>\n\t\t\t\t\t<\/div>\n\t\t\t\t<\/div>\n\t\t<div class=\"elementor-element elementor-element-2a0203b e-flex e-con-boxed e-con e-parent\" data-id=\"2a0203b\" data-element_type=\"container\" data-settings=\"{&quot;background_background&quot;:&quot;classic&quot;,&quot;jet_parallax_layout_list&quot;:[]}\">\n\t\t\t\t\t<div class=\"e-con-inner\">\n\t\t<div class=\"elementor-element elementor-element-4b0a0f43 e-con-full e-flex e-con e-child\" data-id=\"4b0a0f43\" data-element_type=\"container\" data-settings=\"{&quot;jet_parallax_layout_list&quot;:[]}\">\n\t\t\t\t<div class=\"elementor-element elementor-element-54bee5d0 elementor-widget__width-initial elementor-widget-mobile__width-inherit elementor-invisible elementor-widget elementor-widget-text-editor\" data-id=\"54bee5d0\" data-element_type=\"widget\" data-settings=\"{&quot;_animation&quot;:&quot;fadeInUp&quot;,&quot;_animation_delay&quot;:&quot;200&quot;}\" data-widget_type=\"text-editor.default\">\n\t\t\t\t<div class=\"elementor-widget-container\">\n\t\t\t\t\t\t\t\t\t<p data-sourcepos=\"5:1-5:54\"><strong>1. Datos Identificativos del Titular del Sitio Web<\/strong><\/p><p data-sourcepos=\"7:1-7:189\">El presente sitio web es titularidad de <strong>Sandra Campillo Colmenares<\/strong> y <strong>\u0424\u0430\u0440\u0438\u0434\u0430 \u0428\u0430\u0439\u0445\u0443\u0442\u0434\u0438\u043d\u043e\u0432\u0430<\/strong>, con domicilio en Calle Navas, n\u00famero 33, piso 4 B, Alicante, 03001, Espa\u00f1a (en adelante, \u00abMURO\u00bb).<\/p><p data-sourcepos=\"9:1-9:36\"><strong>2. Objeto y \u00c1mbito de Aplicaci\u00f3n<\/strong><\/p><p data-sourcepos=\"11:1-11:168\">Esta Nota Legal y Aviso Legal regula el acceso y uso del sitio web de MURO, cuyo contenido y servicios est\u00e1n dirigidos a usuarios interesados en el sector inmobiliario.<\/p><p data-sourcepos=\"13:1-13:137\">El acceso y uso del sitio web de MURO implica la aceptaci\u00f3n plena y sin reservas de todas las condiciones establecidas en este documento.<\/p><p data-sourcepos=\"15:1-15:41\"><strong>3. Propiedad Intelectual e Industrial<\/strong><\/p><p data-sourcepos=\"17:1-17:265\">Todos los contenidos de este sitio web, incluyendo textos, im\u00e1genes, logotipos, marcas, nombres comerciales, dise\u00f1os, c\u00f3digo fuente y cualquier otro elemento susceptible de protecci\u00f3n, son propiedad exclusiva de MURO <span class=\"citation-0 interactive-span-selected-v2\">o de terceros que hayan autorizado su uso.<\/span><\/p><p data-sourcepos=\"19:1-19:228\"><span class=\"citation-0 interactive-span-selected-v2\">Queda prohibida <\/span><span class=\"citation-0 citation-1 citation-end-0 interactive-span-selected-v2\">la reproducci\u00f3n, distribuci\u00f3n, comunicaci\u00f3n p\u00fablica, transformaci\u00f3n o cualquier<sup class=\"superscript visible highlight\" data-turn-source-index=\"1\">\u00a0<\/sup><\/span><span class=\"citation-1 citation-end-1 interactive-span-selected-v2\">otra forma de explotaci\u00f3n de los contenidos de este sitio web,<span style=\"font-size: 12px;\">\u00a0<\/span><\/span>salvo autorizaci\u00f3n expresa y por escrito de MURO.<\/p><p data-sourcepos=\"21:1-21:24\"><strong>4. Uso del Sitio Web<\/strong><\/p><p data-sourcepos=\"23:1-23:135\">El usuario se compromete a utilizar el sitio web de MURO de conformidad con la ley, la moral, las buenas costumbres y el orden p\u00fablico.<\/p><p data-sourcepos=\"25:1-25:42\">En particular, el usuario se abstendr\u00e1 de:<\/p><ul data-sourcepos=\"27:1-31:0\"><li data-sourcepos=\"27:1-27:110\">Utilizar el sitio web para fines il\u00edcitos o que puedan da\u00f1ar los derechos e intereses de MURO o de terceros.<\/li><li data-sourcepos=\"28:1-28:111\">Realizar acciones que puedan da\u00f1ar, inutilizar o sobrecargar el sitio web o impedir su normal funcionamiento.<\/li><li data-sourcepos=\"29:1-29:107\">Reproducir, copiar, distribuir o modificar los contenidos del sitio web sin autorizaci\u00f3n expresa de MURO.<\/li><li data-sourcepos=\"30:1-31:0\">Utilizar el sitio web para enviar publicidad o comunicaciones comerciales no solicitadas.<\/li><\/ul><div>\u00a0<\/div><p data-sourcepos=\"32:1-32:37\"><strong>5. Protecci\u00f3n de Datos Personales<\/strong><\/p><p data-sourcepos=\"34:1-34:213\">En cumplimiento de lo dispuesto en el Reglamento Europeo de Protecci\u00f3n de Datos 2016\/679 y la legislaci\u00f3n nacional aplicable, MURO informa a los usuarios del sitio web sobre el tratamiento de sus datos personales.<\/p><p data-sourcepos=\"36:1-36:213\">Los datos personales recogidos a trav\u00e9s del sitio web ser\u00e1n tratados con las finalidades indicadas en la Pol\u00edtica de Privacidad de MURO, que se encuentra disponible en la web.<\/p><p data-sourcepos=\"38:1-38:36\"><strong>6. Limitaci\u00f3n de Responsabilidad<\/strong><\/p><p data-sourcepos=\"40:1-40:176\">MURO no se hace responsable de los da\u00f1os y perjuicios de cualquier naturaleza que puedan derivarse del uso del sitio web o de sus contenidos, incluyendo, pero no limit\u00e1ndose a:<\/p><ul data-sourcepos=\"42:1-45:0\"><li data-sourcepos=\"42:1-42:40\">Errores u omisiones en los contenidos.<\/li><li data-sourcepos=\"43:1-43:40\">Falta de disponibilidad del sitio web.<\/li><li data-sourcepos=\"44:1-45:0\">Virus o programas maliciosos que puedan afectar al equipo inform\u00e1tico del usuario.<\/li><\/ul><div>\u00a0<\/div><p data-sourcepos=\"46:1-46:142\">MURO tampoco se hace responsable de los contenidos de sitios web de terceros a los que se pueda acceder a trav\u00e9s de enlaces en este sitio web.<\/p><p data-sourcepos=\"48:1-48:21\"><strong>7. Modificaciones<\/strong><\/p><p data-sourcepos=\"50:1-50:171\">MURO se reserva el derecho de modificar en cualquier momento y sin previo aviso esta Nota Legal y Aviso Legal, as\u00ed como la Pol\u00edtica de Privacidad y la Pol\u00edtica de Cookies.<\/p><p data-sourcepos=\"52:1-52:35\"><strong>8. Ley Aplicable y Jurisdicci\u00f3n<\/strong><\/p><p data-sourcepos=\"54:1-54:66\">Esta Nota Legal y Aviso Legal se rige por la legislaci\u00f3n espa\u00f1ola.<\/p><p data-sourcepos=\"56:1-56:180\">Para cualquier cuesti\u00f3n que pueda derivarse de la interpretaci\u00f3n o aplicaci\u00f3n de este documento, los usuarios se someten a la jurisdicci\u00f3n de los Juzgados y Tribunales de Alicante.<\/p><p data-sourcepos=\"58:1-58:15\"><strong>9. Contacto<\/strong><\/p><p data-sourcepos=\"60:1-60:191\">Si tiene alguna pregunta o consulta sobre esta Nota Legal y Aviso Legal, puede ponerse en contacto con MURO a trav\u00e9s de la siguiente direcci\u00f3n de correo electr\u00f3nico: info@muro-realestate.com.<\/p><p data-sourcepos=\"62:1-62:80\"><strong>Fecha de la \u00faltima actualizaci\u00f3n: 1 de diciembre de 2024.<\/strong><\/p>\t\t\t\t\t\t\t\t<\/div>\n\t\t\t\t<\/div>\n\t\t\t\t<\/div>\n\t\t\t\t\t<\/div>\n\t\t\t\t<\/div>\n\t\t\t\t<\/div>","protected":false},"excerpt":{"rendered":"<p>Legal 1. Datos Identificativos del Titular del Sitio Web El presente sitio web es titularidad de Sandra Campillo Colmenares y Farida Shaykhutdinova, con domicilio en Calle Navas, n\u00famero 33, piso 4 B, Alicante, 03001, Espa\u00f1a (en adelante, \u00abMURO\u00bb). 2. Objeto y \u00c1mbito de Aplicaci\u00f3n Esta Nota Legal y Aviso Legal regula el acceso y uso [&hellip;]<\/p>","protected":false},"author":1,"featured_media":0,"parent":0,"menu_order":0,"comment_status":"closed","ping_status":"closed","template":"","meta":{"footnotes":""},"class_list":["post-510","page","type-page","status-publish","hentry"],"_links":{"self":[{"href":"https:\/\/muro-realestate.com\/ru\/wp-json\/wp\/v2\/pages\/510","targetHints":{"allow":["GET"]}}],"collection":[{"href":"https:\/\/muro-realestate.com\/ru\/wp-json\/wp\/v2\/pages"}],"about":[{"href":"https:\/\/muro-realestate.com\/ru\/wp-json\/wp\/v2\/types\/page"}],"author":[{"embeddable":true,"href":"https:\/\/muro-realestate.com\/ru\/wp-json\/wp\/v2\/users\/1"}],"replies":[{"embeddable":true,"href":"https:\/\/muro-realestate.com\/ru\/wp-json\/wp\/v2\/comments?post=510"}],"version-history":[{"count":34,"href":"https:\/\/muro-realestate.com\/ru\/wp-json\/wp\/v2\/pages\/510\/revisions"}],"predecessor-version":[{"id":1636,"href":"https:\/\/muro-realestate.com\/ru\/wp-json\/wp\/v2\/pages\/510\/revisions\/1636"}],"wp:attachment":[{"href":"https:\/\/muro-realestate.com\/ru\/wp-json\/wp\/v2\/media?parent=510"}],"curies":[{"name":"wp","href":"https:\/\/api.w.org\/{rel}","templated":true}]}}